{"id":4232,"date":"2024-10-17T15:32:03","date_gmt":"2024-10-17T15:32:03","guid":{"rendered":"https:\/\/bruktemaskinernorge.no\/?post_type=product&#038;p=4232"},"modified":"2025-05-20T11:54:42","modified_gmt":"2025-05-20T11:54:42","slug":"dmg-mori-dmf-180-7-5-ax-cnc-frese-maskin","status":"publish","type":"product","link":"https:\/\/bruktemaskinernorge.no\/sv\/product\/dmg-mori-dmf-180-7-5-ax-cnc-frese-maskin\/","title":{"rendered":"DMG MORI DMF 180-7 5 AX CNC FRESE MASKIN"},"content":{"rendered":"<p>Achsen<br \/>\nX-Achsenweg mm: 1.800<br \/>\nY-Achsenweg mm: 700<br \/>\nZ-Achsenweg mm: 700<br \/>\nVorschub mm \/ min: 40.000<br \/>\nEilgang m \/ min: 40<\/p>\n<p>Arbeitstisch<br \/>\nTischgr\u00f6\u00dfe mm: \u00f8750 in 2.100 x 700<br \/>\nTischlast max. kg: 1.500<\/p>\n<p>Spindel<br \/>\nSpindeldrehzahl U\/min: 20 \u2013 18.000<br \/>\nSpindelantriebsleistung kW: (40% \/ 100%) 35\/25<\/p>\n<p>Werkzeugsystem<br \/>\nWerkzeugaufnahme: SK-40<br \/>\nWerkzeugmagazinpl\u00e4tze: 30<br \/>\nSpan-zu-Span-Zeit s: 7,6<\/p>\n<p>Ausr\u00fcstung<br \/>\nStarrtisch mit integriertem Rundtisch (Beladegewicht max. 500 kg)<br \/>\nSchwenkkopf, B-Achse<br \/>\nInnenk\u00fchlung<br \/>\nS\u00e4nef\u00f6rderer<br \/>\nDirekte Wegme\u00dfsysteme<br \/>\nHochdrucke-Pumpe<br \/>\nMesstaster Infrarot TS649 DMG<br \/>\nUzdrqyh<br \/>\n3D quickSET toolkits<br \/>\nBetriebsart 4<br \/>\nSp\u00fclpistole zur Sp\u00e4nesp\u00fclung<\/p>\n<p>K\u00fchlmitteleinrichtung<br \/>\nTankinhalt Liter: 600<br \/>\nHochdruck Pumpe bar: 40<\/p>\n<p>Betriebsstunden<br \/>\npower on: 14.600<br \/>\ncutting : 3770 hours<\/p>\n<p>Grundlegende Maschinenabmessungen \/ Gewicht<br \/>\nL\u00e4ngen mm: 5.533<br \/>\nBreiten mm: 4.231<br \/>\nH\u00f6he mm: 2.693<br \/>\nGewicht kg: 13.000<\/p>\n<p>Ready for inspect . Under power.<\/p>","protected":false},"excerpt":{"rendered":"<p>Achsen X-Achsenweg mm: 1.800 Y-Achsenweg mm: 700 Z-Achsenweg mm: 700 Vorschub mm \/ min: 40.000 Eilgang m \/ min: 40 Arbeitstisch Tischgr\u00f6\u00dfe mm: \u00f8750 in 2.100 x 700 Tischlast max. kg: 1.500 Spindel Spindeldrehzahl U\/min: 20 \u2013 18.000 Spindelantriebsleistung kW: (40% \/ 100%) 35\/25 Werkzeugsystem Werkzeugaufnahme: SK-40 Werkzeugmagazinpl\u00e4tze: 30 Span-zu-Span-Zeit s: 7,6 Ausr\u00fcstung Starrtisch mit [&hellip;]<\/p>\n","protected":false},"featured_media":4234,"template":"","meta":{"site-sidebar-layout":"default","site-content-layout":"","ast-site-content-layout":"default","site-content-style":"default","site-sidebar-style":"default","ast-global-header-display":"","ast-banner-title-visibility":"","ast-main-header-display":"","ast-hfb-above-header-display":"","ast-hfb-below-header-display":"","ast-hfb-mobile-header-display":"","site-post-title":"","ast-breadcrumbs-content":"","ast-featured-img":"","footer-sml-layout":"","ast-disable-related-posts":"","theme-transparent-header-meta":"default","adv-header-id-meta":"","stick-header-meta":"","header-above-stick-meta":"","header-main-stick-meta":"","header-below-stick-meta":"","astra-migrate-meta-layouts":"set","ast-page-background-enabled":"default","ast-page-background-meta":{"desktop":{"background-color":"","background-image":"","background-repeat":"repeat","background-position":"center center","background-size":"auto","background-attachment":"scroll","background-type":"","background-media":"","overlay-type":"","overlay-color":"","overlay-opacity":"","overlay-gradient":""},"tablet":{"background-color":"","background-image":"","background-repeat":"repeat","background-position":"center center","background-size":"auto","background-attachment":"scroll","background-type":"","background-media":"","overlay-type":"","overlay-color":"","overlay-opacity":"","overlay-gradient":""},"mobile":{"background-color":"","background-image":"","background-repeat":"repeat","background-position":"center center","background-size":"auto","background-attachment":"scroll","background-type":"","background-media":"","overlay-type":"","overlay-color":"","overlay-opacity":"","overlay-gradient":""}},"ast-content-background-meta":{"desktop":{"background-color":"var(--ast-global-color-5)","background-image":"","background-repeat":"repeat","background-position":"center center","background-size":"auto","background-attachment":"scroll","background-type":"","background-media":"","overlay-type":"","overlay-color":"","overlay-opacity":"","overlay-gradient":""},"tablet":{"background-color":"var(--ast-global-color-5)","background-image":"","background-repeat":"repeat","background-position":"center center","background-size":"auto","background-attachment":"scroll","background-type":"","background-media":"","overlay-type":"","overlay-color":"","overlay-opacity":"","overlay-gradient":""},"mobile":{"background-color":"var(--ast-global-color-5)","background-image":"","background-repeat":"repeat","background-position":"center center","background-size":"auto","background-attachment":"scroll","background-type":"","background-media":"","overlay-type":"","overlay-color":"","overlay-opacity":"","overlay-gradient":""}}},"product_brand":[],"product_cat":[33,28],"product_tag":[],"class_list":{"0":"post-4232","1":"product","2":"type-product","3":"status-publish","4":"has-post-thumbnail","6":"product_cat-andre-maskiner","7":"product_cat-vertikale-maskineringsenter","8":"desktop-align-left","9":"tablet-align-left","10":"mobile-align-left","12":"first","13":"outofstock","14":"shipping-taxable","15":"product-type-simple"},"_links":{"self":[{"href":"https:\/\/bruktemaskinernorge.no\/sv\/wp-json\/wp\/v2\/product\/4232","targetHints":{"allow":["GET"]}}],"collection":[{"href":"https:\/\/bruktemaskinernorge.no\/sv\/wp-json\/wp\/v2\/product"}],"about":[{"href":"https:\/\/bruktemaskinernorge.no\/sv\/wp-json\/wp\/v2\/types\/product"}],"wp:featuredmedia":[{"embeddable":true,"href":"https:\/\/bruktemaskinernorge.no\/sv\/wp-json\/wp\/v2\/media\/4234"}],"wp:attachment":[{"href":"https:\/\/bruktemaskinernorge.no\/sv\/wp-json\/wp\/v2\/media?parent=4232"}],"wp:term":[{"taxonomy":"product_brand","embeddable":true,"href":"https:\/\/bruktemaskinernorge.no\/sv\/wp-json\/wp\/v2\/product_brand?post=4232"},{"taxonomy":"product_cat","embeddable":true,"href":"https:\/\/bruktemaskinernorge.no\/sv\/wp-json\/wp\/v2\/product_cat?post=4232"},{"taxonomy":"product_tag","embeddable":true,"href":"https:\/\/bruktemaskinernorge.no\/sv\/wp-json\/wp\/v2\/product_tag?post=4232"}],"curies":[{"name":"wp","href":"https:\/\/api.w.org\/{rel}","templated":true}]}}