{"id":4167,"date":"2024-09-01T13:28:19","date_gmt":"2024-09-01T13:28:19","guid":{"rendered":"https:\/\/bruktemaskinernorge.no\/?post_type=product&#038;p=4167"},"modified":"2025-05-20T11:54:44","modified_gmt":"2025-05-20T11:54:44","slug":"okuma-space-turn-lb200m-cnc-dreiebenk","status":"publish","type":"product","link":"https:\/\/bruktemaskinernorge.no\/sv\/product\/okuma-space-turn-lb200m-cnc-dreiebenk\/","title":{"rendered":"Okuma Space Turn LB200M CNC dreiebenk"},"content":{"rendered":"<p>Turning length 300 mm<\/p>\n<p>Turning \u00d8 230 mm<\/p>\n<p>\u00d8 above the bed 530 mm<\/p>\n<p>\u00d8 above transversing slide 420 mm<\/p>\n<p>Length between centers 300 mm<\/p>\n<p>Type of CNC OSP U 100 L<\/p>\n<p>X-axis mm<\/p>\n<p>Z-axis mm<\/p>\n<p>IGF function<\/p>\n<p>Spindle taper JIS A2-6<\/p>\n<p>Spindle bore 62 mm<\/p>\n<p>Number of turrets 1<\/p>\n<p>Number of tools on turret 12<\/p>\n<p>Turning speed 4000 rpm<\/p>\n<p>Spindle motor power 11 kW<\/p>\n<p>Tailstock Yes<\/p>\n<p>Bar feeder no<\/p>\n<p>&#8212;&#8211;<\/p>\n<p>Length x width x height 2500.0 \u00d7 1800.0 \u00d7 2200.0<\/p>\n<p>Weight 3600 kg<\/p>","protected":false},"excerpt":{"rendered":"<p>Turning length 300 mm Turning \u00d8 230 mm \u00d8 above the bed 530 mm \u00d8 above transversing slide 420 mm Length between centers 300 mm Type of CNC OSP U 100 L X-axis mm Z-axis mm IGF function Spindle taper JIS A2-6 Spindle bore 62 mm Number of turrets 1 Number of tools on turret [&hellip;]<\/p>\n","protected":false},"featured_media":4184,"template":"","meta":{"site-sidebar-layout":"default","site-content-layout":"","ast-site-content-layout":"default","site-content-style":"default","site-sidebar-style":"default","ast-global-header-display":"","ast-banner-title-visibility":"","ast-main-header-display":"","ast-hfb-above-header-display":"","ast-hfb-below-header-display":"","ast-hfb-mobile-header-display":"","site-post-title":"","ast-breadcrumbs-content":"","ast-featured-img":"","footer-sml-layout":"","ast-disable-related-posts":"","theme-transparent-header-meta":"default","adv-header-id-meta":"","stick-header-meta":"","header-above-stick-meta":"","header-main-stick-meta":"","header-below-stick-meta":"","astra-migrate-meta-layouts":"set","ast-page-background-enabled":"default","ast-page-background-meta":{"desktop":{"background-color":"","background-image":"","background-repeat":"repeat","background-position":"center center","background-size":"auto","background-attachment":"scroll","background-type":"","background-media":"","overlay-type":"","overlay-color":"","overlay-opacity":"","overlay-gradient":""},"tablet":{"background-color":"","background-image":"","background-repeat":"repeat","background-position":"center center","background-size":"auto","background-attachment":"scroll","background-type":"","background-media":"","overlay-type":"","overlay-color":"","overlay-opacity":"","overlay-gradient":""},"mobile":{"background-color":"","background-image":"","background-repeat":"repeat","background-position":"center center","background-size":"auto","background-attachment":"scroll","background-type":"","background-media":"","overlay-type":"","overlay-color":"","overlay-opacity":"","overlay-gradient":""}},"ast-content-background-meta":{"desktop":{"background-color":"var(--ast-global-color-5)","background-image":"","background-repeat":"repeat","background-position":"center center","background-size":"auto","background-attachment":"scroll","background-type":"","background-media":"","overlay-type":"","overlay-color":"","overlay-opacity":"","overlay-gradient":""},"tablet":{"background-color":"var(--ast-global-color-5)","background-image":"","background-repeat":"repeat","background-position":"center center","background-size":"auto","background-attachment":"scroll","background-type":"","background-media":"","overlay-type":"","overlay-color":"","overlay-opacity":"","overlay-gradient":""},"mobile":{"background-color":"var(--ast-global-color-5)","background-image":"","background-repeat":"repeat","background-position":"center center","background-size":"auto","background-attachment":"scroll","background-type":"","background-media":"","overlay-type":"","overlay-color":"","overlay-opacity":"","overlay-gradient":""}}},"product_brand":[],"product_cat":[25],"product_tag":[],"class_list":{"0":"post-4167","1":"product","2":"type-product","3":"status-publish","4":"has-post-thumbnail","6":"product_cat-cnc-dreiebenker","7":"desktop-align-left","8":"tablet-align-left","9":"mobile-align-left","11":"first","12":"outofstock","13":"shipping-taxable","14":"product-type-simple"},"_links":{"self":[{"href":"https:\/\/bruktemaskinernorge.no\/sv\/wp-json\/wp\/v2\/product\/4167","targetHints":{"allow":["GET"]}}],"collection":[{"href":"https:\/\/bruktemaskinernorge.no\/sv\/wp-json\/wp\/v2\/product"}],"about":[{"href":"https:\/\/bruktemaskinernorge.no\/sv\/wp-json\/wp\/v2\/types\/product"}],"wp:featuredmedia":[{"embeddable":true,"href":"https:\/\/bruktemaskinernorge.no\/sv\/wp-json\/wp\/v2\/media\/4184"}],"wp:attachment":[{"href":"https:\/\/bruktemaskinernorge.no\/sv\/wp-json\/wp\/v2\/media?parent=4167"}],"wp:term":[{"taxonomy":"product_brand","embeddable":true,"href":"https:\/\/bruktemaskinernorge.no\/sv\/wp-json\/wp\/v2\/product_brand?post=4167"},{"taxonomy":"product_cat","embeddable":true,"href":"https:\/\/bruktemaskinernorge.no\/sv\/wp-json\/wp\/v2\/product_cat?post=4167"},{"taxonomy":"product_tag","embeddable":true,"href":"https:\/\/bruktemaskinernorge.no\/sv\/wp-json\/wp\/v2\/product_tag?post=4167"}],"curies":[{"name":"wp","href":"https:\/\/api.w.org\/{rel}","templated":true}]}}