{"id":2295,"date":"2023-01-17T09:07:45","date_gmt":"2023-01-17T09:07:45","guid":{"rendered":"https:\/\/bruktemaskinernorge.no\/?page_id=2295"},"modified":"2026-03-16T12:20:40","modified_gmt":"2026-03-16T12:20:40","slug":"fordeler-med-a-selge-bedriftens-cnc-dreiebenk","status":"publish","type":"page","link":"https:\/\/bruktemaskinernorge.no\/sv\/hvorfor-velge-oss\/fordeler-med-a-selge-bedriftens-cnc-dreiebenk\/","title":{"rendered":"F\u00f6rdelar med att s\u00e4lja ditt f\u00f6retags CNC-svarv."},"content":{"rendered":"<div data-elementor-type=\"wp-page\" data-elementor-id=\"2295\" class=\"elementor elementor-2295\" data-elementor-post-type=\"page\">\n\t\t\t\t<div class=\"elementor-element elementor-element-203bb6c e-flex e-con-boxed e-con e-parent\" data-id=\"203bb6c\" data-element_type=\"container\" data-e-type=\"container\" data-settings=\"{&quot;background_background&quot;:&quot;classic&quot;}\">\n\t\t\t\t\t<div class=\"e-con-inner\">\n\t\t<div class=\"elementor-element elementor-element-b7cf12c e-con-full e-flex e-con e-child\" data-id=\"b7cf12c\" data-element_type=\"container\" data-e-type=\"container\" data-settings=\"{&quot;background_background&quot;:&quot;classic&quot;}\">\n\t\t\t\t<div class=\"elementor-element elementor-element-b1bb04c elementor-widget elementor-widget-heading\" data-id=\"b1bb04c\" data-element_type=\"widget\" data-e-type=\"widget\" data-widget_type=\"heading.default\">\n\t\t\t\t<div class=\"elementor-widget-container\">\n\t\t\t\t\t<h6 class=\"elementor-heading-title elementor-size-default\">BRUKTE MASKINER NORGE<\/h6>\t\t\t\t<\/div>\n\t\t\t\t<\/div>\n\t\t\t\t<div class=\"elementor-element elementor-element-9099e7e elementor-widget-divider--view-line elementor-widget elementor-widget-divider\" data-id=\"9099e7e\" data-element_type=\"widget\" data-e-type=\"widget\" data-widget_type=\"divider.default\">\n\t\t\t\t<div class=\"elementor-widget-container\">\n\t\t\t\t\t\t\t<div class=\"elementor-divider\">\n\t\t\t<span class=\"elementor-divider-separator\">\n\t\t\t\t\t\t<\/span>\n\t\t<\/div>\n\t\t\t\t\t\t<\/div>\n\t\t\t\t<\/div>\n\t\t\t\t<div class=\"elementor-element elementor-element-e5a6042 elementor-widget elementor-widget-heading\" data-id=\"e5a6042\" data-element_type=\"widget\" data-e-type=\"widget\" data-widget_type=\"heading.default\">\n\t\t\t\t<div class=\"elementor-widget-container\">\n\t\t\t\t\t<h1 class=\"elementor-heading-title elementor-size-medium\">F\u00f6rdelar med att s\u00e4lja ditt f\u00f6retags CNC-svarv.<\/h1>\t\t\t\t<\/div>\n\t\t\t\t<\/div>\n\t\t\t\t<div class=\"elementor-element elementor-element-597e576 elementor-mobile-align-center elementor-align-center elementor-widget elementor-widget-button\" data-id=\"597e576\" data-element_type=\"widget\" data-e-type=\"widget\" data-widget_type=\"button.default\">\n\t\t\t\t<div class=\"elementor-widget-container\">\n\t\t\t\t\t\t\t\t\t<div class=\"elementor-button-wrapper\">\n\t\t\t\t\t<a class=\"elementor-button elementor-button-link elementor-size-md\" href=\"https:\/\/bruktemaskinernorge.no\/sv\/#kontaktform\">\n\t\t\t\t\t\t<span class=\"elementor-button-content-wrapper\">\n\t\t\t\t\t\t<span class=\"elementor-button-icon\">\n\t\t\t\t<i aria-hidden=\"true\" class=\"fas fa-tools\"><\/i>\t\t\t<\/span>\n\t\t\t\t\t\t\t\t\t<span class=\"elementor-button-text\">S\u00e4lj din maskin<\/span>\n\t\t\t\t\t<\/span>\n\t\t\t\t\t<\/a>\n\t\t\t\t<\/div>\n\t\t\t\t\t\t\t\t<\/div>\n\t\t\t\t<\/div>\n\t\t\t\t<\/div>\n\t\t\t\t\t<\/div>\n\t\t\t\t<\/div>\n\t\t<div class=\"elementor-element elementor-element-e166ec6 e-flex e-con-boxed e-con e-parent\" data-id=\"e166ec6\" data-element_type=\"container\" data-e-type=\"container\">\n\t\t\t\t\t<div class=\"e-con-inner\">\n\t\t<div class=\"elementor-element elementor-element-fce9b3b e-con-full e-flex e-con e-child\" data-id=\"fce9b3b\" data-element_type=\"container\" data-e-type=\"container\">\n\t\t\t\t<div class=\"elementor-element elementor-element-7e589dd elementor-widget-divider--view-line elementor-widget elementor-widget-divider\" data-id=\"7e589dd\" data-element_type=\"widget\" data-e-type=\"widget\" data-widget_type=\"divider.default\">\n\t\t\t\t<div class=\"elementor-widget-container\">\n\t\t\t\t\t\t\t<div class=\"elementor-divider\">\n\t\t\t<span class=\"elementor-divider-separator\">\n\t\t\t\t\t\t<\/span>\n\t\t<\/div>\n\t\t\t\t\t\t<\/div>\n\t\t\t\t<\/div>\n\t\t\t\t<div class=\"elementor-element elementor-element-e550633 elementor-widget elementor-widget-heading\" data-id=\"e550633\" data-element_type=\"widget\" data-e-type=\"widget\" data-widget_type=\"heading.default\">\n\t\t\t\t<div class=\"elementor-widget-container\">\n\t\t\t\t\t<h2 class=\"elementor-heading-title elementor-size-default\">CNC maskiner...<\/h2>\t\t\t\t<\/div>\n\t\t\t\t<\/div>\n\t\t\t\t<div class=\"elementor-element elementor-element-ae19b14 elementor-widget elementor-widget-text-editor\" data-id=\"ae19b14\" data-element_type=\"widget\" data-e-type=\"widget\" data-widget_type=\"text-editor.default\">\n\t\t\t\t<div class=\"elementor-widget-container\">\n\t\t\t\t\t\t\t\t\t<p>brukes av b\u00e5de sm\u00e5 og store bedrifter hver dag. For \u00e5 opprettholde en effektiv produksjon er det viktig at bedriftens maskiner fungerer tilstrekkelig. Dette f\u00f8rer gjerne til at utdaterte maskiner m\u00e5 byttes ut, for at dagens standard skal v\u00e6re god nok.<\/p><p>Selv om ikke din bedrift kan bruke <a href=\"https:\/\/bruktemaskinernorge.no\/sv\/maskinene-vare\/\">CNC maskinen<\/a>, kan den v\u00e6re til nytte for andre. En CNC dreiebenk er et typisk, eksempel p\u00e5 utstyr som stadig m\u00e5 oppdateres. Brukte Maskiner Norge kj\u00f8per bedriftens CNC dreiebenk n\u00e5r den ikke skal brukes mer.<\/p>\t\t\t\t\t\t\t\t<\/div>\n\t\t\t\t<\/div>\n\t\t\t\t<div class=\"elementor-element elementor-element-66d5c33 elementor-icon-list--layout-traditional elementor-list-item-link-full_width elementor-widget elementor-widget-icon-list\" data-id=\"66d5c33\" data-element_type=\"widget\" data-e-type=\"widget\" data-widget_type=\"icon-list.default\">\n\t\t\t\t<div class=\"elementor-widget-container\">\n\t\t\t\t\t\t\t<ul class=\"elementor-icon-list-items\">\n\t\t\t\t\t\t\t<li class=\"elementor-icon-list-item\">\n\t\t\t\t\t\t\t\t\t\t\t<span class=\"elementor-icon-list-icon\">\n\t\t\t\t\t\t\t<i aria-hidden=\"true\" class=\"fas fa-check-square\"><\/i>\t\t\t\t\t\t<\/span>\n\t\t\t\t\t\t\t\t\t\t<span class=\"elementor-icon-list-text\"><b>Undvik att din gamla CNC-svarv tar plats<\/b><\/span>\n\t\t\t\t\t\t\t\t\t<\/li>\n\t\t\t\t\t\t\t\t<li class=\"elementor-icon-list-item\">\n\t\t\t\t\t\t\t\t\t\t\t<span class=\"elementor-icon-list-icon\">\n\t\t\t\t\t\t\t<i aria-hidden=\"true\" class=\"fas fa-check-square\"><\/i>\t\t\t\t\t\t<\/span>\n\t\t\t\t\t\t\t\t\t\t<span class=\"elementor-icon-list-text\"><b>F\u00f6rs\u00e4ljning av begagnade maskiner bidrar till en h\u00e5llbar drift<\/b><\/span>\n\t\t\t\t\t\t\t\t\t<\/li>\n\t\t\t\t\t\t\t\t<li class=\"elementor-icon-list-item\">\n\t\t\t\t\t\t\t\t\t\t\t<span class=\"elementor-icon-list-icon\">\n\t\t\t\t\t\t\t<i aria-hidden=\"true\" class=\"fas fa-check-square\"><\/i>\t\t\t\t\t\t<\/span>\n\t\t\t\t\t\t\t\t\t\t<span class=\"elementor-icon-list-text\"><b>Ger nytt liv till din begagnade CNC-svarv<\/b><\/span>\n\t\t\t\t\t\t\t\t\t<\/li>\n\t\t\t\t\t\t<\/ul>\n\t\t\t\t\t\t<\/div>\n\t\t\t\t<\/div>\n\t\t\t\t<div class=\"elementor-element elementor-element-cd24063 elementor-widget elementor-widget-heading\" data-id=\"cd24063\" data-element_type=\"widget\" data-e-type=\"widget\" data-widget_type=\"heading.default\">\n\t\t\t\t<div class=\"elementor-widget-container\">\n\t\t\t\t\t<h2 class=\"elementor-heading-title elementor-size-xl\">Snabbt byte av din gamla CNC-svarv<\/h2>\t\t\t\t<\/div>\n\t\t\t\t<\/div>\n\t\t\t\t<div class=\"elementor-element elementor-element-333d99b elementor-hidden-tablet elementor-widget elementor-widget-text-editor\" data-id=\"333d99b\" data-element_type=\"widget\" data-e-type=\"widget\" data-widget_type=\"text-editor.default\">\n\t\t\t\t<div class=\"elementor-widget-container\">\n\t\t\t\t\t\t\t\t\t<p>I en hektisk arbeidshverdag er det n\u00f8dvendig at maskiner og annet utstyr fungerer som det skal. Vi hos Brukte Maskiner Norge s\u00f8rger for at du raskt og effektivt, blir kvitt bedriftens <a href=\"https:\/\/bruktemaskinernorge.no\/sv\/product-category\/cnc-dreiebenker\/\">gamle CNC dreiebenk<\/a>. Vi ser till att f\u00f6rs\u00e4ljningen sker p\u00e5 ett effektivt och s\u00e4kert s\u00e4tt.<\/p><p>N\u00e4r f\u00f6retaget ska moderniseras finns det ofta behov av att byta ut f\u00f6r\u00e5ldrade maskiner. I s\u00e5dana fall \u00e4r det en f\u00f6rdel att bli av med den anv\u00e4nda CNC-svarven s\u00e5 snabbt som m\u00f6jligt. P\u00e5 s\u00e5 s\u00e4tt slipper du att den gamla maskinen tar f\u00f6r mycket lagringsutrymme.<\/p>\t\t\t\t\t\t\t\t<\/div>\n\t\t\t\t<\/div>\n\t\t\t\t<div class=\"elementor-element elementor-element-8fdced6 elementor-hidden-tablet elementor-widget elementor-widget-heading\" data-id=\"8fdced6\" data-element_type=\"widget\" data-e-type=\"widget\" data-widget_type=\"heading.default\">\n\t\t\t\t<div class=\"elementor-widget-container\">\n\t\t\t\t\t<h2 class=\"elementor-heading-title elementor-size-large\">B\u00e4ttre kapacitet med ny CNC-svarv<\/h2>\t\t\t\t<\/div>\n\t\t\t\t<\/div>\n\t\t\t\t<div class=\"elementor-element elementor-element-c09cd53 elementor-hidden-tablet elementor-widget elementor-widget-text-editor\" data-id=\"c09cd53\" data-element_type=\"widget\" data-e-type=\"widget\" data-widget_type=\"text-editor.default\">\n\t\t\t\t<div class=\"elementor-widget-container\">\n\t\t\t\t\t\t\t\t\t<p>Effektiv produktion hj\u00e4lper f\u00f6retaget att vara konkurrenskraftigt i f\u00f6rh\u00e5llande till sina konkurrenter. F\u00f6r att kapaciteten ska vara tillr\u00e4ckligt bra \u00e4r det viktigt att maskiner och annan utrustning fungerar som den ska. Det kan d\u00e4rf\u00f6r bli aktuellt att byta ut den gamla CNC-svarven mot en ny maskin.<\/p><p>Ny produktionsutrustning och annan utrustning som \u00e4r n\u00f6dv\u00e4ndig f\u00f6r driften av dagens f\u00f6retag utvecklas st\u00e4ndigt. Det inneb\u00e4r att f\u00f6retaget st\u00e4ndigt m\u00e5ste uppdateras i f\u00f6rh\u00e5llande till dagens marknad. P\u00e5 s\u00e5 s\u00e4tt s\u00e4kerst\u00e4lls att varor och tj\u00e4nster uppfyller dagens krav.<\/p>\t\t\t\t\t\t\t\t<\/div>\n\t\t\t\t<\/div>\n\t\t\t\t<div class=\"elementor-element elementor-element-cb07a0c elementor-hidden-tablet elementor-widget elementor-widget-heading\" data-id=\"cb07a0c\" data-element_type=\"widget\" data-e-type=\"widget\" data-widget_type=\"heading.default\">\n\t\t\t\t<div class=\"elementor-widget-container\">\n\t\t\t\t\t<h2 class=\"elementor-heading-title elementor-size-xl\">En CNC-svarv har l\u00e5ng livsl\u00e4ngd<\/h2>\t\t\t\t<\/div>\n\t\t\t\t<\/div>\n\t\t\t\t<div class=\"elementor-element elementor-element-a042d72 elementor-hidden-tablet elementor-widget elementor-widget-text-editor\" data-id=\"a042d72\" data-element_type=\"widget\" data-e-type=\"widget\" data-widget_type=\"text-editor.default\">\n\t\t\t\t<div class=\"elementor-widget-container\">\n\t\t\t\t\t\t\t\t\t<p>Genom att s\u00e4lja ditt f\u00f6retags begagnade CNC-svarv s\u00e4kerst\u00e4ller du att dess livsl\u00e4ngd f\u00f6rl\u00e4ngs. \u00c5teranv\u00e4ndning av begagnade CNC-maskiner bidrar till att f\u00f6retaget fungerar p\u00e5 ett h\u00e5llbart s\u00e4tt. P\u00e5 senare tid har det blivit ett st\u00f6rre fokus p\u00e5 f\u00f6retagens h\u00e5llbara verksamhet och produktion.<\/p><p>Vi p\u00e5 Brukte Maskiner k\u00f6per din begagnade CNC-svarv f\u00f6r att s\u00e4kerst\u00e4lla att den kan anv\u00e4ndas vidare. Vi utf\u00f6r n\u00f6dv\u00e4ndig service p\u00e5 svarven, och ser till att den kan anv\u00e4ndas vidare. P\u00e5 s\u00e5 s\u00e4tt uppr\u00e4tth\u00e5lls h\u00e5llbara v\u00e4rden i enlighet med dagens krav och f\u00f6rv\u00e4ntningar.<\/p>\t\t\t\t\t\t\t\t<\/div>\n\t\t\t\t<\/div>\n\t\t\t\t<\/div>\n\t\t<div class=\"elementor-element elementor-element-8d99349 e-con-full e-flex e-con e-child\" data-id=\"8d99349\" data-element_type=\"container\" data-e-type=\"container\" data-settings=\"{&quot;background_background&quot;:&quot;classic&quot;}\">\n\t\t\t\t<div class=\"elementor-element elementor-element-1038b3c elementor-widget elementor-widget-image\" data-id=\"1038b3c\" data-element_type=\"widget\" data-e-type=\"widget\" data-widget_type=\"image.default\">\n\t\t\t\t<div class=\"elementor-widget-container\">\n\t\t\t\t\t\t\t\t\t\t\t\t\t\t\t<img fetchpriority=\"high\" decoding=\"async\" width=\"576\" height=\"1024\" src=\"https:\/\/bruktemaskinernorge.no\/wp-content\/uploads\/2023\/01\/CNC-Panel-576x1024.jpg\" class=\"attachment-large size-large wp-image-2298\" alt=\"CNC Panel\" srcset=\"https:\/\/bruktemaskinernorge.no\/wp-content\/uploads\/2023\/01\/CNC-Panel-576x1024.jpg 576w, https:\/\/bruktemaskinernorge.no\/wp-content\/uploads\/2023\/01\/CNC-Panel-600x1066.jpg 600w, https:\/\/bruktemaskinernorge.no\/wp-content\/uploads\/2023\/01\/CNC-Panel-169x300.jpg 169w, https:\/\/bruktemaskinernorge.no\/wp-content\/uploads\/2023\/01\/CNC-Panel-768x1365.jpg 768w, https:\/\/bruktemaskinernorge.no\/wp-content\/uploads\/2023\/01\/CNC-Panel-864x1536.jpg 864w, https:\/\/bruktemaskinernorge.no\/wp-content\/uploads\/2023\/01\/CNC-Panel-7x12.jpg 7w, https:\/\/bruktemaskinernorge.no\/wp-content\/uploads\/2023\/01\/CNC-Panel.jpg 1000w\" sizes=\"(max-width: 576px) 100vw, 576px\" \/>\t\t\t\t\t\t\t\t\t\t\t\t\t\t\t<\/div>\n\t\t\t\t<\/div>\n\t\t\t\t<div class=\"elementor-element elementor-element-4e6cf06 elementor-widget elementor-widget-text-editor\" data-id=\"4e6cf06\" data-element_type=\"widget\" data-e-type=\"widget\" data-widget_type=\"text-editor.default\">\n\t\t\t\t<div class=\"elementor-widget-container\">\n\t\t\t\t\t\t\t\t\t<p><strong>Om du vill ha mer information om k\u00f6p av en CNC-svarv eller andra maskiner \u00e4r du v\u00e4lkommen att skicka ett e-postmeddelande till oss.<\/strong><\/p>\t\t\t\t\t\t\t\t<\/div>\n\t\t\t\t<\/div>\n\t\t\t\t<div class=\"elementor-element elementor-element-6d8b5b8 elementor-hidden-tablet elementor-widget elementor-widget-heading\" data-id=\"6d8b5b8\" data-element_type=\"widget\" data-e-type=\"widget\" data-widget_type=\"heading.default\">\n\t\t\t\t<div class=\"elementor-widget-container\">\n\t\t\t\t\t<h2 class=\"elementor-heading-title elementor-size-large\">Vi k\u00f6per din begagnade CNC-svarv<\/h2>\t\t\t\t<\/div>\n\t\t\t\t<\/div>\n\t\t\t\t<div class=\"elementor-element elementor-element-163057b elementor-hidden-tablet elementor-widget elementor-widget-text-editor\" data-id=\"163057b\" data-element_type=\"widget\" data-e-type=\"widget\" data-widget_type=\"text-editor.default\">\n\t\t\t\t<div class=\"elementor-widget-container\">\n\t\t\t\t\t\t\t\t\t<p><strong>Vi hos Brukte Maskiner bist\u00e5r deg n\u00e5r du \u00f8nsker \u00e5 bli kvitt bedriftens brukte CNC dreiebenk.<\/strong> Vi s\u00f8rger for at du slipper \u00e5 lagre den gamle dreiebenken i bedriftens lokaler. Ved \u00e5 selge bedriftens brukte CNC dreiebenk bidrar du til en b\u00e6rekraftig og milj\u00f8vennlig utvikling.<\/p>\t\t\t\t\t\t\t\t<\/div>\n\t\t\t\t<\/div>\n\t\t\t\t<div class=\"elementor-element elementor-element-7491026 elementor-mobile-align-center elementor-align-center elementor-widget elementor-widget-button\" data-id=\"7491026\" data-element_type=\"widget\" data-e-type=\"widget\" data-widget_type=\"button.default\">\n\t\t\t\t<div class=\"elementor-widget-container\">\n\t\t\t\t\t\t\t\t\t<div class=\"elementor-button-wrapper\">\n\t\t\t\t\t<a class=\"elementor-button elementor-button-link elementor-size-md\" href=\"\/sv\/kontakt\/\">\n\t\t\t\t\t\t<span class=\"elementor-button-content-wrapper\">\n\t\t\t\t\t\t<span class=\"elementor-button-icon\">\n\t\t\t\t<i aria-hidden=\"true\" class=\"far fa-hand-point-right\"><\/i>\t\t\t<\/span>\n\t\t\t\t\t\t\t\t\t<span class=\"elementor-button-text\">Kontakta oss<\/span>\n\t\t\t\t\t<\/span>\n\t\t\t\t\t<\/a>\n\t\t\t\t<\/div>\n\t\t\t\t\t\t\t\t<\/div>\n\t\t\t\t<\/div>\n\t\t\t\t<\/div>\n\t\t\t\t\t<\/div>\n\t\t\t\t<\/div>\n\t\t\t\t<\/div>","protected":false},"excerpt":{"rendered":"<p>BRUKTE MASKINER NORGE Fordeler med \u00e5 selge bedriftens CNC dreiebenk Selg din maskin CNC maskiner&#8230; brukes av b\u00e5de sm\u00e5 og store bedrifter hver dag. For \u00e5 opprettholde en effektiv produksjon er det viktig at bedriftens maskiner fungerer tilstrekkelig. Dette f\u00f8rer gjerne til at utdaterte maskiner m\u00e5 byttes ut, for at dagens standard skal v\u00e6re god [&hellip;]<\/p>\n","protected":false},"author":2,"featured_media":0,"parent":2021,"menu_order":0,"comment_status":"closed","ping_status":"closed","template":"","meta":{"site-sidebar-layout":"no-sidebar","site-content-layout":"page-builder","ast-site-content-layout":"default","site-content-style":"default","site-sidebar-style":"default","ast-global-header-display":"","ast-banner-title-visibility":"","ast-main-header-display":"","ast-hfb-above-header-display":"","ast-hfb-below-header-display":"","ast-hfb-mobile-header-display":"","site-post-title":"disabled","ast-breadcrumbs-content":"","ast-featured-img":"disabled","footer-sml-layout":"","ast-disable-related-posts":"","theme-transparent-header-meta":"default","adv-header-id-meta":"","stick-header-meta":"","header-above-stick-meta":"","header-main-stick-meta":"","header-below-stick-meta":"","astra-migrate-meta-layouts":"default","ast-page-background-enabled":"default","ast-page-background-meta":{"desktop":{"background-color":"","background-image":"","background-repeat":"repeat","background-position":"center center","background-size":"auto","background-attachment":"scroll","background-type":"","background-media":"","overlay-type":"","overlay-color":"","overlay-opacity":"","overlay-gradient":""},"tablet":{"background-color":"","background-image":"","background-repeat":"repeat","background-position":"center center","background-size":"auto","background-attachment":"scroll","background-type":"","background-media":"","overlay-type":"","overlay-color":"","overlay-opacity":"","overlay-gradient":""},"mobile":{"background-color":"","background-image":"","background-repeat":"repeat","background-position":"center center","background-size":"auto","background-attachment":"scroll","background-type":"","background-media":"","overlay-type":"","overlay-color":"","overlay-opacity":"","overlay-gradient":""}},"ast-content-background-meta":{"desktop":{"background-color":"var(--ast-global-color-5)","background-image":"","background-repeat":"repeat","background-position":"center center","background-size":"auto","background-attachment":"scroll","background-type":"","background-media":"","overlay-type":"","overlay-color":"","overlay-opacity":"","overlay-gradient":""},"tablet":{"background-color":"var(--ast-global-color-5)","background-image":"","background-repeat":"repeat","background-position":"center center","background-size":"auto","background-attachment":"scroll","background-type":"","background-media":"","overlay-type":"","overlay-color":"","overlay-opacity":"","overlay-gradient":""},"mobile":{"background-color":"var(--ast-global-color-5)","background-image":"","background-repeat":"repeat","background-position":"center center","background-size":"auto","background-attachment":"scroll","background-type":"","background-media":"","overlay-type":"","overlay-color":"","overlay-opacity":"","overlay-gradient":""}},"footnotes":""},"class_list":["post-2295","page","type-page","status-publish","hentry"],"_links":{"self":[{"href":"https:\/\/bruktemaskinernorge.no\/sv\/wp-json\/wp\/v2\/pages\/2295","targetHints":{"allow":["GET"]}}],"collection":[{"href":"https:\/\/bruktemaskinernorge.no\/sv\/wp-json\/wp\/v2\/pages"}],"about":[{"href":"https:\/\/bruktemaskinernorge.no\/sv\/wp-json\/wp\/v2\/types\/page"}],"author":[{"embeddable":true,"href":"https:\/\/bruktemaskinernorge.no\/sv\/wp-json\/wp\/v2\/users\/2"}],"replies":[{"embeddable":true,"href":"https:\/\/bruktemaskinernorge.no\/sv\/wp-json\/wp\/v2\/comments?post=2295"}],"version-history":[{"count":15,"href":"https:\/\/bruktemaskinernorge.no\/sv\/wp-json\/wp\/v2\/pages\/2295\/revisions"}],"predecessor-version":[{"id":5559,"href":"https:\/\/bruktemaskinernorge.no\/sv\/wp-json\/wp\/v2\/pages\/2295\/revisions\/5559"}],"up":[{"embeddable":true,"href":"https:\/\/bruktemaskinernorge.no\/sv\/wp-json\/wp\/v2\/pages\/2021"}],"wp:attachment":[{"href":"https:\/\/bruktemaskinernorge.no\/sv\/wp-json\/wp\/v2\/media?parent=2295"}],"curies":[{"name":"wp","href":"https:\/\/api.w.org\/{rel}","templated":true}]}}