{"id":1901,"date":"2020-09-02T08:33:57","date_gmt":"2020-09-02T08:33:57","guid":{"rendered":"https:\/\/bruktemaskiner.se\/?page_id=1901"},"modified":"2026-03-16T11:46:23","modified_gmt":"2026-03-16T11:46:23","slug":"demontering-av-maskiner","status":"publish","type":"page","link":"https:\/\/bruktemaskinernorge.no\/sv\/demontering-av-maskiner\/","title":{"rendered":"Demontering av maskiner"},"content":{"rendered":"<div data-elementor-type=\"wp-page\" data-elementor-id=\"1901\" class=\"elementor elementor-1901\" data-elementor-post-type=\"page\">\n\t\t\t\t<div class=\"elementor-element elementor-element-5247e13 e-flex e-con-boxed e-con e-parent\" data-id=\"5247e13\" data-element_type=\"container\" data-e-type=\"container\" data-settings=\"{&quot;background_background&quot;:&quot;classic&quot;}\">\n\t\t\t\t\t<div class=\"e-con-inner\">\n\t\t<div class=\"elementor-element elementor-element-e9d86c8 e-con-full e-flex e-con e-child\" data-id=\"e9d86c8\" data-element_type=\"container\" data-e-type=\"container\" data-settings=\"{&quot;background_background&quot;:&quot;classic&quot;}\">\n\t\t\t\t<div class=\"elementor-element elementor-element-3cf9f2a elementor-widget elementor-widget-heading\" data-id=\"3cf9f2a\" data-element_type=\"widget\" data-e-type=\"widget\" data-widget_type=\"heading.default\">\n\t\t\t\t<div class=\"elementor-widget-container\">\n\t\t\t\t\t<h6 class=\"elementor-heading-title elementor-size-default\">BRUKTE MASKINER NORGE<\/h6>\t\t\t\t<\/div>\n\t\t\t\t<\/div>\n\t\t\t\t<div class=\"elementor-element elementor-element-f0b511b elementor-widget elementor-widget-heading\" data-id=\"f0b511b\" data-element_type=\"widget\" data-e-type=\"widget\" data-widget_type=\"heading.default\">\n\t\t\t\t<div class=\"elementor-widget-container\">\n\t\t\t\t\t<h1 class=\"elementor-heading-title elementor-size-default\">Demontering<br> av maskiner<\/h1>\t\t\t\t<\/div>\n\t\t\t\t<\/div>\n\t\t\t\t<div class=\"elementor-element elementor-element-5097493 elementor-widget-divider--view-line elementor-widget elementor-widget-divider\" data-id=\"5097493\" data-element_type=\"widget\" data-e-type=\"widget\" data-widget_type=\"divider.default\">\n\t\t\t\t<div class=\"elementor-widget-container\">\n\t\t\t\t\t\t\t<div class=\"elementor-divider\">\n\t\t\t<span class=\"elementor-divider-separator\">\n\t\t\t\t\t\t<\/span>\n\t\t<\/div>\n\t\t\t\t\t\t<\/div>\n\t\t\t\t<\/div>\n\t\t\t\t<div class=\"elementor-element elementor-element-1f7da17 elementor-widget elementor-widget-text-editor\" data-id=\"1f7da17\" data-element_type=\"widget\" data-e-type=\"widget\" data-widget_type=\"text-editor.default\">\n\t\t\t\t<div class=\"elementor-widget-container\">\n\t\t\t\t\t\t\t\t\t<p><strong>Hvis du f\u00f8ler deg usikker p\u00e5 hvordan du skal transportere maskinen din, s\u00f8rger vi for at vi hjelper deg med dette!<\/strong><\/p><p>Vi har lang erfaring og stor beredskap for \u00e5 demonetisere og eksportere maskiner innenfor produksjonsindustrien.<\/p>\t\t\t\t\t\t\t\t<\/div>\n\t\t\t\t<\/div>\n\t\t\t\t<div class=\"elementor-element elementor-element-2c09aa2 elementor-mobile-align-center elementor-align-center elementor-widget elementor-widget-button\" data-id=\"2c09aa2\" data-element_type=\"widget\" data-e-type=\"widget\" data-widget_type=\"button.default\">\n\t\t\t\t<div class=\"elementor-widget-container\">\n\t\t\t\t\t\t\t\t\t<div class=\"elementor-button-wrapper\">\n\t\t\t\t\t<a class=\"elementor-button elementor-button-link elementor-size-md\" href=\"https:\/\/bruktemaskinernorge.no\/sv\/#kontaktform\">\n\t\t\t\t\t\t<span class=\"elementor-button-content-wrapper\">\n\t\t\t\t\t\t<span class=\"elementor-button-icon\">\n\t\t\t\t<i aria-hidden=\"true\" class=\"fas fa-tools\"><\/i>\t\t\t<\/span>\n\t\t\t\t\t\t\t\t\t<span class=\"elementor-button-text\">S\u00e4lj din maskin h\u00e4r<\/span>\n\t\t\t\t\t<\/span>\n\t\t\t\t\t<\/a>\n\t\t\t\t<\/div>\n\t\t\t\t\t\t\t\t<\/div>\n\t\t\t\t<\/div>\n\t\t\t\t<\/div>\n\t\t\t\t\t<\/div>\n\t\t\t\t<\/div>\n\t\t<div class=\"elementor-element elementor-element-6ef7eeb e-flex e-con-boxed e-con e-parent\" data-id=\"6ef7eeb\" data-element_type=\"container\" data-e-type=\"container\">\n\t\t\t\t\t<div class=\"e-con-inner\">\n\t\t<div class=\"elementor-element elementor-element-b3d0238 e-con-full e-flex e-con e-child\" data-id=\"b3d0238\" data-element_type=\"container\" data-e-type=\"container\">\n\t\t<div class=\"elementor-element elementor-element-38e4ba0 e-con-full e-flex e-con e-child\" data-id=\"38e4ba0\" data-element_type=\"container\" data-e-type=\"container\">\n\t\t<div class=\"elementor-element elementor-element-841987f e-con-full e-flex e-con e-child\" data-id=\"841987f\" data-element_type=\"container\" data-e-type=\"container\">\n\t\t\t\t<div class=\"elementor-element elementor-element-b3e754c elementor-widget elementor-widget-heading\" data-id=\"b3e754c\" data-element_type=\"widget\" data-e-type=\"widget\" data-widget_type=\"heading.default\">\n\t\t\t\t<div class=\"elementor-widget-container\">\n\t\t\t\t\t<h2 class=\"elementor-heading-title elementor-size-default\">Vi kan demontera och transportera din maskin!<\/h2>\t\t\t\t<\/div>\n\t\t\t\t<\/div>\n\t\t\t\t<div class=\"elementor-element elementor-element-a87f3ee elementor-widget-divider--view-line elementor-widget elementor-widget-divider\" data-id=\"a87f3ee\" data-element_type=\"widget\" data-e-type=\"widget\" data-widget_type=\"divider.default\">\n\t\t\t\t<div class=\"elementor-widget-container\">\n\t\t\t\t\t\t\t<div class=\"elementor-divider\">\n\t\t\t<span class=\"elementor-divider-separator\">\n\t\t\t\t\t\t<\/span>\n\t\t<\/div>\n\t\t\t\t\t\t<\/div>\n\t\t\t\t<\/div>\n\t\t\t\t<div class=\"elementor-element elementor-element-e192ac6 elementor-widget elementor-widget-heading\" data-id=\"e192ac6\" data-element_type=\"widget\" data-e-type=\"widget\" data-widget_type=\"heading.default\">\n\t\t\t\t<div class=\"elementor-widget-container\">\n\t\t\t\t\t<h4 class=\"elementor-heading-title elementor-size-default\">Beh\u00f6ver du flytta n\u00e5got med expertis inom demontering av maskiner? Brukte Maskiner Norge best\u00e5r av experter inom flera olika omr\u00e5den som anv\u00e4nder sin expertis inom demontering, frakt och montering av maskiner f\u00f6r industrin.\n<\/h4>\t\t\t\t<\/div>\n\t\t\t\t<\/div>\n\t\t\t\t<div class=\"elementor-element elementor-element-15c4e2c elementor-widget elementor-widget-text-editor\" data-id=\"15c4e2c\" data-element_type=\"widget\" data-e-type=\"widget\" data-widget_type=\"text-editor.default\">\n\t\t\t\t<div class=\"elementor-widget-container\">\n\t\t\t\t\t\t\t\t\t<p>Vi ser till att ordningen uppr\u00e4tth\u00e5lls vid demontering av maskinerna. Vi har l\u00e5ng erfarenhet av att packa upp stora industrianl\u00e4ggningar vilket g\u00f6r att vi har bra rutiner f\u00f6r att uppr\u00e4tta dokumentation f\u00f6r b\u00e5de mekaniska och elektriska komponenter. Vi har allts\u00e5 \u00f6verblick \u00f6ver alla delar och var de ska monteras i efterhand kan \u00e5termontering allts\u00e5 g\u00f6ras av andra akt\u00f6rer.<\/p><p>Demontera och flytta industrimaskiner? Vi hj\u00e4lper dig med hela processen. Vi tar g\u00e4rna emot kompletta flyttningar d\u00e4r vi ombes\u00f6rjer demontering av alla maskiner, flytt och \u00e5termontering p\u00e5 ny plats. Det finns inga geografiska begr\u00e4nsningar f\u00f6r var vi utf\u00f6r arbetet och vill du flytta stora maskiner utomlands har vi en maskinpark f\u00f6r att g\u00f6ra detta.<\/p>\t\t\t\t\t\t\t\t<\/div>\n\t\t\t\t<\/div>\n\t\t\t\t<div class=\"elementor-element elementor-element-bb21b69 elementor-widget elementor-widget-heading\" data-id=\"bb21b69\" data-element_type=\"widget\" data-e-type=\"widget\" data-widget_type=\"heading.default\">\n\t\t\t\t<div class=\"elementor-widget-container\">\n\t\t\t\t\t<h3 class=\"elementor-heading-title elementor-size-default\">Moderna maskiner och kompetenta medarbetare<\/h3>\t\t\t\t<\/div>\n\t\t\t\t<\/div>\n\t\t\t\t<div class=\"elementor-element elementor-element-7bea174 elementor-hidden-tablet elementor-widget elementor-widget-text-editor\" data-id=\"7bea174\" data-element_type=\"widget\" data-e-type=\"widget\" data-widget_type=\"text-editor.default\">\n\t\t\t\t<div class=\"elementor-widget-container\">\n\t\t\t\t\t\t\t\t\t<p>Brukte Maskiner Norge kan erbjuda hela produktsortimentet fr\u00e5n montering\/demontering av enskilda maskiner till kompletta anl\u00e4ggningar. Med h\u00f6g kompetens, l\u00e5ng erfarenhet och en modern maskinpark kan vi erbjuda h\u00f6gkvalitativa och s\u00e4kerhetstj\u00e4nster.<\/p>\t\t\t\t\t\t\t\t<\/div>\n\t\t\t\t<\/div>\n\t\t\t\t<\/div>\n\t\t<div class=\"elementor-element elementor-element-bdfc11f e-con-full e-flex e-con e-child\" data-id=\"bdfc11f\" data-element_type=\"container\" data-e-type=\"container\">\n\t\t\t\t<div class=\"elementor-element elementor-element-31d399b elementor-widget elementor-widget-image\" data-id=\"31d399b\" data-element_type=\"widget\" data-e-type=\"widget\" data-widget_type=\"image.default\">\n\t\t\t\t<div class=\"elementor-widget-container\">\n\t\t\t\t\t\t\t\t\t\t\t\t\t\t\t<img fetchpriority=\"high\" decoding=\"async\" width=\"1024\" height=\"768\" src=\"https:\/\/bruktemaskinernorge.no\/wp-content\/uploads\/2020\/08\/Packeterad-maskin-for-flytt-1024x768.jpg\" class=\"attachment-large size-large wp-image-1649\" alt=\"\" srcset=\"https:\/\/bruktemaskinernorge.no\/wp-content\/uploads\/2020\/08\/Packeterad-maskin-for-flytt-1024x768.jpg 1024w, https:\/\/bruktemaskinernorge.no\/wp-content\/uploads\/2020\/08\/Packeterad-maskin-for-flytt-600x450.jpg 600w, https:\/\/bruktemaskinernorge.no\/wp-content\/uploads\/2020\/08\/Packeterad-maskin-for-flytt-300x225.jpg 300w, https:\/\/bruktemaskinernorge.no\/wp-content\/uploads\/2020\/08\/Packeterad-maskin-for-flytt-768x576.jpg 768w, https:\/\/bruktemaskinernorge.no\/wp-content\/uploads\/2020\/08\/Packeterad-maskin-for-flytt-1536x1152.jpg 1536w, https:\/\/bruktemaskinernorge.no\/wp-content\/uploads\/2020\/08\/Packeterad-maskin-for-flytt.jpg 1600w\" sizes=\"(max-width: 1024px) 100vw, 1024px\" \/>\t\t\t\t\t\t\t\t\t\t\t\t\t\t\t<\/div>\n\t\t\t\t<\/div>\n\t\t\t\t<div class=\"elementor-element elementor-element-f43723e elementor-widget elementor-widget-text-editor\" data-id=\"f43723e\" data-element_type=\"widget\" data-e-type=\"widget\" data-widget_type=\"text-editor.default\">\n\t\t\t\t<div class=\"elementor-widget-container\">\n\t\t\t\t\t\t\t\t\t<p><strong>Om du vill ha mer information om demontering av maskiner eller n\u00e5gon av v\u00e5ra andra tj\u00e4nster, v\u00e4nligen kontakta oss via e-post<\/strong><\/p>\t\t\t\t\t\t\t\t<\/div>\n\t\t\t\t<\/div>\n\t\t\t\t<div class=\"elementor-element elementor-element-eb0759c elementor-mobile-align-center elementor-align-center elementor-widget elementor-widget-button\" data-id=\"eb0759c\" data-element_type=\"widget\" data-e-type=\"widget\" data-widget_type=\"button.default\">\n\t\t\t\t<div class=\"elementor-widget-container\">\n\t\t\t\t\t\t\t\t\t<div class=\"elementor-button-wrapper\">\n\t\t\t\t\t<a class=\"elementor-button elementor-button-link elementor-size-md\" href=\"\/sv\/kontakt\/\">\n\t\t\t\t\t\t<span class=\"elementor-button-content-wrapper\">\n\t\t\t\t\t\t<span class=\"elementor-button-icon\">\n\t\t\t\t<i aria-hidden=\"true\" class=\"far fa-hand-point-right\"><\/i>\t\t\t<\/span>\n\t\t\t\t\t\t\t\t\t<span class=\"elementor-button-text\">Kontakta oss<\/span>\n\t\t\t\t\t<\/span>\n\t\t\t\t\t<\/a>\n\t\t\t\t<\/div>\n\t\t\t\t\t\t\t\t<\/div>\n\t\t\t\t<\/div>\n\t\t\t\t<\/div>\n\t\t\t\t<\/div>\n\t\t\t\t<\/div>\n\t\t\t\t\t<\/div>\n\t\t\t\t<\/div>\n\t\t\t\t<\/div>","protected":false},"excerpt":{"rendered":"<p>BRUKTE MASKINER NORGE Demontering av maskiner Hvis du f\u00f8ler deg usikker p\u00e5 hvordan du skal transportere maskinen din, s\u00f8rger vi for at vi hjelper deg med dette! Vi har lang erfaring og stor beredskap for \u00e5 demonetisere og eksportere maskiner innenfor produksjonsindustrien. Selg maskinen din Vi kan demontere og transportere din maskin! Trenger du \u00e5 [&hellip;]<\/p>\n","protected":false},"author":1,"featured_media":0,"parent":0,"menu_order":0,"comment_status":"closed","ping_status":"closed","template":"","meta":{"site-sidebar-layout":"no-sidebar","site-content-layout":"page-builder","ast-site-content-layout":"default","site-content-style":"default","site-sidebar-style":"default","ast-global-header-display":"","ast-banner-title-visibility":"","ast-main-header-display":"","ast-hfb-above-header-display":"","ast-hfb-below-header-display":"","ast-hfb-mobile-header-display":"","site-post-title":"disabled","ast-breadcrumbs-content":"","ast-featured-img":"disabled","footer-sml-layout":"","ast-disable-related-posts":"","theme-transparent-header-meta":"default","adv-header-id-meta":"","stick-header-meta":"","header-above-stick-meta":"","header-main-stick-meta":"","header-below-stick-meta":"","astra-migrate-meta-layouts":"default","ast-page-background-enabled":"default","ast-page-background-meta":{"desktop":{"background-color":"","background-image":"","background-repeat":"repeat","background-position":"center center","background-size":"auto","background-attachment":"scroll","background-type":"","background-media":"","overlay-type":"","overlay-color":"","overlay-opacity":"","overlay-gradient":""},"tablet":{"background-color":"","background-image":"","background-repeat":"repeat","background-position":"center center","background-size":"auto","background-attachment":"scroll","background-type":"","background-media":"","overlay-type":"","overlay-color":"","overlay-opacity":"","overlay-gradient":""},"mobile":{"background-color":"","background-image":"","background-repeat":"repeat","background-position":"center center","background-size":"auto","background-attachment":"scroll","background-type":"","background-media":"","overlay-type":"","overlay-color":"","overlay-opacity":"","overlay-gradient":""}},"ast-content-background-meta":{"desktop":{"background-color":"var(--ast-global-color-5)","background-image":"","background-repeat":"repeat","background-position":"center center","background-size":"auto","background-attachment":"scroll","background-type":"","background-media":"","overlay-type":"","overlay-color":"","overlay-opacity":"","overlay-gradient":""},"tablet":{"background-color":"var(--ast-global-color-5)","background-image":"","background-repeat":"repeat","background-position":"center center","background-size":"auto","background-attachment":"scroll","background-type":"","background-media":"","overlay-type":"","overlay-color":"","overlay-opacity":"","overlay-gradient":""},"mobile":{"background-color":"var(--ast-global-color-5)","background-image":"","background-repeat":"repeat","background-position":"center center","background-size":"auto","background-attachment":"scroll","background-type":"","background-media":"","overlay-type":"","overlay-color":"","overlay-opacity":"","overlay-gradient":""}},"footnotes":""},"class_list":["post-1901","page","type-page","status-publish","hentry"],"_links":{"self":[{"href":"https:\/\/bruktemaskinernorge.no\/sv\/wp-json\/wp\/v2\/pages\/1901","targetHints":{"allow":["GET"]}}],"collection":[{"href":"https:\/\/bruktemaskinernorge.no\/sv\/wp-json\/wp\/v2\/pages"}],"about":[{"href":"https:\/\/bruktemaskinernorge.no\/sv\/wp-json\/wp\/v2\/types\/page"}],"author":[{"embeddable":true,"href":"https:\/\/bruktemaskinernorge.no\/sv\/wp-json\/wp\/v2\/users\/1"}],"replies":[{"embeddable":true,"href":"https:\/\/bruktemaskinernorge.no\/sv\/wp-json\/wp\/v2\/comments?post=1901"}],"version-history":[{"count":9,"href":"https:\/\/bruktemaskinernorge.no\/sv\/wp-json\/wp\/v2\/pages\/1901\/revisions"}],"predecessor-version":[{"id":5543,"href":"https:\/\/bruktemaskinernorge.no\/sv\/wp-json\/wp\/v2\/pages\/1901\/revisions\/5543"}],"wp:attachment":[{"href":"https:\/\/bruktemaskinernorge.no\/sv\/wp-json\/wp\/v2\/media?parent=1901"}],"curies":[{"name":"wp","href":"https:\/\/api.w.org\/{rel}","templated":true}]}}