{"id":4919,"date":"2025-04-10T07:19:53","date_gmt":"2025-04-10T07:19:53","guid":{"rendered":"https:\/\/bruktemaskinernorge.no\/?post_type=product&#038;p=4919"},"modified":"2025-05-20T11:54:32","modified_gmt":"2025-05-20T11:54:32","slug":"2-stk-matrix-maxi-verktoyskap-med-digitale-skjermer-2020-modell-cnc","status":"publish","type":"product","link":"https:\/\/bruktemaskinernorge.no\/no\/product\/2-stk-matrix-maxi-verktoyskap-med-digitale-skjermer-2020-modell-cnc\/","title":{"rendered":"2 stk MATRIX MAXI verkt\u00f8yskap med digitale skjermer \u2013 2020 modell CNC"},"content":{"rendered":"<p data-pm-slice=\"1 1 []\">Vi selger 2 stk brukte MATRIX MAXI verkt\u00f8yskap fra 2020, med digital touchskjerm og elektronisk l\u00e5sesystem.<\/p>\n<p>Begge skapene er i god stand og klare for umiddelbar levering. Perfekt for verksted, lager eller produksjonsmilj\u00f8.<\/p>\n<p><b>Spesifikasjoner:<\/b><\/p>\n<ul>\n<li>\u00c5rgang: 2020<\/li>\n<li>Digital 17&#8243; touchskjerm<\/li>\n<li>Elektroniske skuffer med individuell l\u00e5s<\/li>\n<li>Solid og profesjonell konstruksjon<\/li>\n<li>Brukt, men godt vedlikeholdt<\/li>\n<\/ul>\n<p><b>Lokasjon:<\/b><\/p>\n<p>Bergen \u2013 skapene st\u00e5r p\u00e5 v\u00e5rt lager og er klare for henting.<\/p>\n","protected":false},"excerpt":{"rendered":"<p>Vi selger 2 stk brukte MATRIX MAXI verkt\u00f8yskap fra 2020, med digital touchskjerm og elektronisk l\u00e5sesystem. Begge skapene er i god stand og klare for umiddelbar levering. Perfekt for verksted, lager eller produksjonsmilj\u00f8. Spesifikasjoner: \u00c5rgang: 2020 Digital 17&#8243; touchskjerm Elektroniske skuffer med individuell l\u00e5s Solid og profesjonell konstruksjon Brukt, men godt vedlikeholdt Lokasjon: Bergen \u2013 [&hellip;]<\/p>\n","protected":false},"featured_media":4923,"template":"","meta":{"site-sidebar-layout":"default","site-content-layout":"","ast-site-content-layout":"default","site-content-style":"default","site-sidebar-style":"default","ast-global-header-display":"","ast-banner-title-visibility":"","ast-main-header-display":"","ast-hfb-above-header-display":"","ast-hfb-below-header-display":"","ast-hfb-mobile-header-display":"","site-post-title":"","ast-breadcrumbs-content":"","ast-featured-img":"","footer-sml-layout":"","ast-disable-related-posts":"","theme-transparent-header-meta":"default","adv-header-id-meta":"","stick-header-meta":"","header-above-stick-meta":"","header-main-stick-meta":"","header-below-stick-meta":"","astra-migrate-meta-layouts":"set","ast-page-background-enabled":"default","ast-page-background-meta":{"desktop":{"background-color":"","background-image":"","background-repeat":"repeat","background-position":"center center","background-size":"auto","background-attachment":"scroll","background-type":"","background-media":"","overlay-type":"","overlay-color":"","overlay-opacity":"","overlay-gradient":""},"tablet":{"background-color":"","background-image":"","background-repeat":"repeat","background-position":"center center","background-size":"auto","background-attachment":"scroll","background-type":"","background-media":"","overlay-type":"","overlay-color":"","overlay-opacity":"","overlay-gradient":""},"mobile":{"background-color":"","background-image":"","background-repeat":"repeat","background-position":"center center","background-size":"auto","background-attachment":"scroll","background-type":"","background-media":"","overlay-type":"","overlay-color":"","overlay-opacity":"","overlay-gradient":""}},"ast-content-background-meta":{"desktop":{"background-color":"var(--ast-global-color-5)","background-image":"","background-repeat":"repeat","background-position":"center center","background-size":"auto","background-attachment":"scroll","background-type":"","background-media":"","overlay-type":"","overlay-color":"","overlay-opacity":"","overlay-gradient":""},"tablet":{"background-color":"var(--ast-global-color-5)","background-image":"","background-repeat":"repeat","background-position":"center center","background-size":"auto","background-attachment":"scroll","background-type":"","background-media":"","overlay-type":"","overlay-color":"","overlay-opacity":"","overlay-gradient":""},"mobile":{"background-color":"var(--ast-global-color-5)","background-image":"","background-repeat":"repeat","background-position":"center center","background-size":"auto","background-attachment":"scroll","background-type":"","background-media":"","overlay-type":"","overlay-color":"","overlay-opacity":"","overlay-gradient":""}}},"product_brand":[],"product_cat":[33,29],"product_tag":[],"class_list":{"0":"post-4919","1":"product","2":"type-product","3":"status-publish","4":"has-post-thumbnail","6":"product_cat-andre-maskiner","7":"product_cat-verktoy-og-tilbehor","8":"desktop-align-left","9":"tablet-align-left","10":"mobile-align-left","12":"first","13":"outofstock","14":"shipping-taxable","15":"product-type-simple"},"_links":{"self":[{"href":"https:\/\/bruktemaskinernorge.no\/no\/wp-json\/wp\/v2\/product\/4919","targetHints":{"allow":["GET"]}}],"collection":[{"href":"https:\/\/bruktemaskinernorge.no\/no\/wp-json\/wp\/v2\/product"}],"about":[{"href":"https:\/\/bruktemaskinernorge.no\/no\/wp-json\/wp\/v2\/types\/product"}],"wp:featuredmedia":[{"embeddable":true,"href":"https:\/\/bruktemaskinernorge.no\/no\/wp-json\/wp\/v2\/media\/4923"}],"wp:attachment":[{"href":"https:\/\/bruktemaskinernorge.no\/no\/wp-json\/wp\/v2\/media?parent=4919"}],"wp:term":[{"taxonomy":"product_brand","embeddable":true,"href":"https:\/\/bruktemaskinernorge.no\/no\/wp-json\/wp\/v2\/product_brand?post=4919"},{"taxonomy":"product_cat","embeddable":true,"href":"https:\/\/bruktemaskinernorge.no\/no\/wp-json\/wp\/v2\/product_cat?post=4919"},{"taxonomy":"product_tag","embeddable":true,"href":"https:\/\/bruktemaskinernorge.no\/no\/wp-json\/wp\/v2\/product_tag?post=4919"}],"curies":[{"name":"wp","href":"https:\/\/api.w.org\/{rel}","templated":true}]}}