{"id":4628,"date":"2025-01-15T14:15:02","date_gmt":"2025-01-15T14:15:02","guid":{"rendered":"https:\/\/bruktemaskinernorge.no\/?post_type=product&#038;p=4628"},"modified":"2025-05-20T11:54:36","modified_gmt":"2025-05-20T11:54:36","slug":"doosan-dbc110s-cnc-freseverk","status":"publish","type":"product","link":"https:\/\/bruktemaskinernorge.no\/no\/product\/doosan-dbc110s-cnc-freseverk\/","title":{"rendered":"Doosan DBC110S CNC freseverk"},"content":{"rendered":"<p>CONTROL UNIT : FANUC Model: Series 32i-MODEL A<\/p>\n<p>TRAVELS<br \/>\nX-Axis Travel Distance 2000 mm<br \/>\nY-Axis Travel Distance 1500 mm<br \/>\nZ-Axis Travel Distance 1200 mm<br \/>\nW-Axis Movement: 500 mm<\/p>\n<p>MAIN SPINDLE<br \/>\nMax. Spindle Speed 3000 r\/min<br \/>\nMax. Spindle Torque 1104 N-m<br \/>\nTool Taper ISO 50<\/p>\n<p>TABLE<br \/>\nTable Length 1600 mm<br \/>\nTable Width 1400 mm<br \/>\nMaximum Workpiece weight 7000 kg<\/p>\n<p>Technical Machine Benefits<\/p>\n<p>Distance from spindle nose to table top: 0~1500 mm<br \/>\n&#8211; Distance from spindle nose to table center: 550~1750 mm<br \/>\n&#8211; Indexing: 0. 001 degree<br \/>\n&#8211; 2 step gear type<br \/>\n&#8211; Magazine tool capacity: 40 ATC<br \/>\n&#8211; Call right (led 3 step)<br \/>\n&#8211; Mpg handle<br \/>\n&#8211; Ce mark<br \/>\n&#8211; Chip conveyor<\/p>\n<p>DIMENSIONS<\/p>\n<p>Length 5540 mm<br \/>\nHeight 4200 mm<br \/>\nWidht 5930 mm<br \/>\nWeight 24000 kg<\/p>\n<p>&nbsp;<\/p>\n<p>Matnings- og ilgangs- hastigheter: &#8211; Matningshastighet X Y Z W &#8211; Ilmatning X Y Z (W) &#8211; Rotasjon av bordet<br \/>\nlokaliseringspinner 4 x 90\u00ba &#8211; Posisjoneringsn\u00f8yaktighet<br \/>\nbevegelsen &#8211; Repetisjonsn\u00f8yaktighet<br \/>\nVerkt\u00f8ymagasin for verkt\u00f8y (opsjon) &#8211; Antall verkt\u00f8y i magasinet &#8211; St\u00f8rste verkt\u00f8ydiameter med alle plasser belagt<br \/>\n1 &#8211; 6000 mm\/min<br \/>\n12 (6) m\/min<br \/>\nB \u2013akse med<br \/>\n\u00b1 0,01 mm over hele<br \/>\n\u00b1 0,005 mm<br \/>\n40<br \/>\n130 mm &#8211; St\u00f8rste verkt\u00f8ydiameter med frie sideplasser &#8211; St\u00f8rste verkt\u00f8ylengde &#8211; St\u00f8rste verkt\u00f8yvekt<br \/>\n250 mm<br \/>\n25 kg<br \/>\n600 mm<br \/>\nTeknisk beskrivelse av spindeldokken: &#8211; Hovedspindelen er av st\u00e5l, Cr,Ni,Mb, herdet,slipt og polert. &#8211; Bommen er speroidisk st\u00f8pest\u00e5l. &#8211; Tannhjul og akslinger er av st\u00e5l, Cr,Ni, herdet og slipt. &#8211; Verkt\u00f8yoppspenning er automatisk med BELLEVILLE fj\u00e6rer. &#8211; Verkt\u00f8yene l\u00f8snes hydraulisk. &#8211; Spindeldokkens olje g\u00e5r i lukket krets, med automatisk tempraturregulering. &#8211; Lagrene til hovedspindelen sm\u00f8res med luft\/olje sm\u00f8ring<br \/>\nTekniske detaljer for de line\u00e6re aksene: &#8211; Deksler over f\u00f8ringer: teleskopiske st\u00e5ldeksler &#8211; Alle vanger er induksjonsherdete og slipte &#8211; Sleider: Kunststoffbelagte bevegelige deler mot herdete f\u00f8ringer.<br \/>\nRotasjonsbord:<br \/>\nBordet har B-akse med inkrement 0.001 grad, og lokaliseringsbolter sikrer meget h\u00f8y<br \/>\nn\u00f8yaktighet av indekseringsposisjonen i hver 90\u00ba \u00b1 15 \u201d.<br \/>\nAndre tekniske detaljer og standard utstyr: &#8211; &#8211; &#8211; &#8211; &#8211; &#8211; &#8211; &#8211; &#8211; &#8211;<br \/>\nCNC styring er Fanuc 32iMA,<br \/>\nB\u00e6rbart h\u00e5ndratt for styringen<br \/>\nAutomatisk verkt\u00f8yoppspenning<br \/>\nFundamentutstyr (sko, plater og bolter)<br \/>\nTeleskopdeksler over alle vanger<br \/>\nSentralisert automatisk sm\u00f8resystem for alle bevegelser.<br \/>\nUtpr\u00f8ving etter DIN 8620<br \/>\nRigid tapping (gjenging med fast holder)<br \/>\n3-farget varsellampe for maskinstatus<br \/>\nFotpedal for \u00e5 l\u00f8sne verkt\u00f8y ved manuell veksling<\/p>\n","protected":false},"excerpt":{"rendered":"<p>CONTROL UNIT : FANUC Model: Series 32i-MODEL A TRAVELS X-Axis Travel Distance 2000 mm Y-Axis Travel Distance 1500 mm Z-Axis Travel Distance 1200 mm W-Axis Movement: 500 mm MAIN SPINDLE Max. Spindle Speed 3000 r\/min Max. Spindle Torque 1104 N-m Tool Taper ISO 50 TABLE Table Length 1600 mm Table Width 1400 mm Maximum Workpiece [&hellip;]<\/p>\n","protected":false},"featured_media":4629,"template":"","meta":{"site-sidebar-layout":"default","site-content-layout":"","ast-site-content-layout":"default","site-content-style":"default","site-sidebar-style":"default","ast-global-header-display":"","ast-banner-title-visibility":"","ast-main-header-display":"","ast-hfb-above-header-display":"","ast-hfb-below-header-display":"","ast-hfb-mobile-header-display":"","site-post-title":"","ast-breadcrumbs-content":"","ast-featured-img":"","footer-sml-layout":"","ast-disable-related-posts":"","theme-transparent-header-meta":"default","adv-header-id-meta":"","stick-header-meta":"","header-above-stick-meta":"","header-main-stick-meta":"","header-below-stick-meta":"","astra-migrate-meta-layouts":"set","ast-page-background-enabled":"default","ast-page-background-meta":{"desktop":{"background-color":"","background-image":"","background-repeat":"repeat","background-position":"center center","background-size":"auto","background-attachment":"scroll","background-type":"","background-media":"","overlay-type":"","overlay-color":"","overlay-opacity":"","overlay-gradient":""},"tablet":{"background-color":"","background-image":"","background-repeat":"repeat","background-position":"center center","background-size":"auto","background-attachment":"scroll","background-type":"","background-media":"","overlay-type":"","overlay-color":"","overlay-opacity":"","overlay-gradient":""},"mobile":{"background-color":"","background-image":"","background-repeat":"repeat","background-position":"center center","background-size":"auto","background-attachment":"scroll","background-type":"","background-media":"","overlay-type":"","overlay-color":"","overlay-opacity":"","overlay-gradient":""}},"ast-content-background-meta":{"desktop":{"background-color":"var(--ast-global-color-5)","background-image":"","background-repeat":"repeat","background-position":"center center","background-size":"auto","background-attachment":"scroll","background-type":"","background-media":"","overlay-type":"","overlay-color":"","overlay-opacity":"","overlay-gradient":""},"tablet":{"background-color":"var(--ast-global-color-5)","background-image":"","background-repeat":"repeat","background-position":"center center","background-size":"auto","background-attachment":"scroll","background-type":"","background-media":"","overlay-type":"","overlay-color":"","overlay-opacity":"","overlay-gradient":""},"mobile":{"background-color":"var(--ast-global-color-5)","background-image":"","background-repeat":"repeat","background-position":"center center","background-size":"auto","background-attachment":"scroll","background-type":"","background-media":"","overlay-type":"","overlay-color":"","overlay-opacity":"","overlay-gradient":""}}},"product_brand":[],"product_cat":[33,27],"product_tag":[],"class_list":{"0":"post-4628","1":"product","2":"type-product","3":"status-publish","4":"has-post-thumbnail","6":"product_cat-andre-maskiner","7":"product_cat-horisontale-maskineringsenter","8":"desktop-align-left","9":"tablet-align-left","10":"mobile-align-left","12":"first","13":"instock","14":"shipping-taxable","15":"product-type-simple"},"_links":{"self":[{"href":"https:\/\/bruktemaskinernorge.no\/no\/wp-json\/wp\/v2\/product\/4628","targetHints":{"allow":["GET"]}}],"collection":[{"href":"https:\/\/bruktemaskinernorge.no\/no\/wp-json\/wp\/v2\/product"}],"about":[{"href":"https:\/\/bruktemaskinernorge.no\/no\/wp-json\/wp\/v2\/types\/product"}],"wp:featuredmedia":[{"embeddable":true,"href":"https:\/\/bruktemaskinernorge.no\/no\/wp-json\/wp\/v2\/media\/4629"}],"wp:attachment":[{"href":"https:\/\/bruktemaskinernorge.no\/no\/wp-json\/wp\/v2\/media?parent=4628"}],"wp:term":[{"taxonomy":"product_brand","embeddable":true,"href":"https:\/\/bruktemaskinernorge.no\/no\/wp-json\/wp\/v2\/product_brand?post=4628"},{"taxonomy":"product_cat","embeddable":true,"href":"https:\/\/bruktemaskinernorge.no\/no\/wp-json\/wp\/v2\/product_cat?post=4628"},{"taxonomy":"product_tag","embeddable":true,"href":"https:\/\/bruktemaskinernorge.no\/no\/wp-json\/wp\/v2\/product_tag?post=4628"}],"curies":[{"name":"wp","href":"https:\/\/api.w.org\/{rel}","templated":true}]}}