{"id":4011,"date":"2024-04-03T12:39:42","date_gmt":"2024-04-03T12:39:42","guid":{"rendered":"https:\/\/bruktemaskinernorge.no\/?post_type=product&#038;p=4011"},"modified":"2025-05-20T11:54:46","modified_gmt":"2025-05-20T11:54:46","slug":"dmg-dmu-evo-60-x-2-stk-5-akse-cnc-maskiner-mori-seiki","status":"publish","type":"product","link":"https:\/\/bruktemaskinernorge.no\/no\/product\/dmg-dmu-evo-60-x-2-stk-5-akse-cnc-maskiner-mori-seiki\/","title":{"rendered":"DMG MORI DMU 60 EVO 5 AKSE  CNC Maskin Mori Seiki"},"content":{"rendered":"<div id=\"tw-target-text-container\" class=\"tw-ta-container F0azHf tw-nfl\" tabindex=\"0\">\n<pre id=\"tw-target-text\" class=\"tw-data-text tw-text-large tw-ta\" dir=\"ltr\" data-placeholder=\"\u00c7eviri\" aria-label=\"\u00c7evrilmi\u015f metin\" data-ved=\"2ahUKEwjOp7bEh6aFAxUPIxAIHR-EAiMQ3ewLegQIBRAU\"><span class=\"Y2IQFc\" lang=\"no\">Vi har 2 stk p\u00e5 lager   (Ready For delivery, We have 2 in stock)\r\n\r\nNew DMG MORI Design Evo 60 Mori Seiki Made in Germany \r\ntraverse path X\/Y\/Z 600\/500\/500 mm \/ \r\nX\/Y\/Z 23.6\/19.6\/19.6 in \r\nmotorspindle speedMASTER\u00ae SK 40\/BBT \r\nspeed range 20 - 18.000 min-1 SK40 \r\nspeed range 18.000 - 20.000 min-1 SK40\r\nBIG PLUS\u00ae \r\n35 kW (40% ED); 25 kW (100% ED) \r\n46.9 hp (40% DC); 33.5 hp (100% DC) \r\ntool taper SK40 (DIN ISO 7388-1-A, AD) \r\nfor Pull-Studs DIN ISO 7388-3-A, AD \r\nNC swivel rotary table \r\nchain type tool changer with 30 positions \r\nand double gripper \r\nactive cooling \r\ndirect measuring system \r\nfull cabin \r\nSwarf conveyor (scraper type); spray gun \r\nMPC (Machine Protection Control) \r\n3D-Control, ERGOline\u00ae control\r\nYom 2012 <\/span><\/pre>\n<\/div>\n<div id=\"tw-target-rmn-container\" class=\"tw-target-rmn tw-ta-container F0azHf tw-nfl\">\n<pre class=\"tw-data-placeholder tw-text-small tw-ta\" dir=\"ltr\" data-placeholder=\"\"><\/pre>\n<\/div>\n<div class=\"iYB33c\">\n<div class=\"dlJLJe\">\n<div data-cviv=\"false\" data-ved=\"2ahUKEwjOp7bEh6aFAxUPIxAIHR-EAiMQz_AEegQIBRAV\">\n<div class=\"U9URNb\"><img decoding=\"async\" id=\"dimg_3\" class=\"YQ4gaf zr758c wA1Bge\" src=\"data:image\/png;base64,iVBORw0KGgoAAAANSUhEUgAAABQAAAAUCAQAAAAngNWGAAABDUlEQVR4AYXRgUZDYRjH4TegFTKgpEqiFJgoWAoMEQGBgBboChaaAKxLKAhAhQqAdAmpBIQolkCFqp2nITvNKXuA7+\/Hhzey5OWjE4Nq3rzY1f9\/NGHPB549492+8Ww060iCS2XdctZdI3GsECmb+HJoIX6x6EgDm+lURTH+YB7V9nAqE5WNme4YKuOiY6iMe6PaQxUUIuTbswgFVNJwA8sO3Bn6yR6bWZMSNtJwDtuWfHpQxaPx9C9zadil7jrCigbq6UXceNIVKTWUIqypm2ytJdTiNyNeXclF6GttOVfeDEc7qzjR23r3OMFqZKng1kw0mXGLrfibHTScOZWgGv9TdC6ROFeMTgwYiIxvJzMRWQbeGZUAAAAASUVORK5CYII=\" alt=\"Topluluk Taraf\u0131ndan Do\u011fruland\u0131 simgesi\" width=\"16\" height=\"16\" data-csiid=\"11\" data-atf=\"0\" \/><\/div>\n<\/div>\n<\/div>\n<\/div>\n","protected":false},"excerpt":{"rendered":"<p>Vi har 2 stk p\u00e5 lager (Ready For delivery, We have 2 in stock) New DMG MORI Design Evo 60 Mori Seiki Made in Germany traverse path X\/Y\/Z 600\/500\/500 mm \/ X\/Y\/Z 23.6\/19.6\/19.6 in motorspindle speedMASTER\u00ae SK 40\/BBT speed range 20 &#8211; 18.000 min-1 SK40 speed range 18.000 &#8211; 20.000 min-1 SK40 BIG PLUS\u00ae 35 [&hellip;]<\/p>\n","protected":false},"featured_media":4020,"template":"","meta":{"site-sidebar-layout":"default","site-content-layout":"","ast-site-content-layout":"default","site-content-style":"default","site-sidebar-style":"default","ast-global-header-display":"","ast-banner-title-visibility":"","ast-main-header-display":"","ast-hfb-above-header-display":"","ast-hfb-below-header-display":"","ast-hfb-mobile-header-display":"","site-post-title":"","ast-breadcrumbs-content":"","ast-featured-img":"","footer-sml-layout":"","ast-disable-related-posts":"","theme-transparent-header-meta":"default","adv-header-id-meta":"","stick-header-meta":"","header-above-stick-meta":"","header-main-stick-meta":"","header-below-stick-meta":"","astra-migrate-meta-layouts":"set","ast-page-background-enabled":"default","ast-page-background-meta":{"desktop":{"background-color":"","background-image":"","background-repeat":"repeat","background-position":"center center","background-size":"auto","background-attachment":"scroll","background-type":"","background-media":"","overlay-type":"","overlay-color":"","overlay-opacity":"","overlay-gradient":""},"tablet":{"background-color":"","background-image":"","background-repeat":"repeat","background-position":"center center","background-size":"auto","background-attachment":"scroll","background-type":"","background-media":"","overlay-type":"","overlay-color":"","overlay-opacity":"","overlay-gradient":""},"mobile":{"background-color":"","background-image":"","background-repeat":"repeat","background-position":"center center","background-size":"auto","background-attachment":"scroll","background-type":"","background-media":"","overlay-type":"","overlay-color":"","overlay-opacity":"","overlay-gradient":""}},"ast-content-background-meta":{"desktop":{"background-color":"var(--ast-global-color-5)","background-image":"","background-repeat":"repeat","background-position":"center center","background-size":"auto","background-attachment":"scroll","background-type":"","background-media":"","overlay-type":"","overlay-color":"","overlay-opacity":"","overlay-gradient":""},"tablet":{"background-color":"var(--ast-global-color-5)","background-image":"","background-repeat":"repeat","background-position":"center center","background-size":"auto","background-attachment":"scroll","background-type":"","background-media":"","overlay-type":"","overlay-color":"","overlay-opacity":"","overlay-gradient":""},"mobile":{"background-color":"var(--ast-global-color-5)","background-image":"","background-repeat":"repeat","background-position":"center center","background-size":"auto","background-attachment":"scroll","background-type":"","background-media":"","overlay-type":"","overlay-color":"","overlay-opacity":"","overlay-gradient":""}}},"product_brand":[],"product_cat":[33,24,28],"product_tag":[],"class_list":{"0":"post-4011","1":"product","2":"type-product","3":"status-publish","4":"has-post-thumbnail","6":"product_cat-andre-maskiner","7":"product_cat-uncategorized","8":"product_cat-vertikale-maskineringsenter","9":"desktop-align-left","10":"tablet-align-left","11":"mobile-align-left","13":"first","14":"outofstock","15":"shipping-taxable","16":"product-type-simple"},"_links":{"self":[{"href":"https:\/\/bruktemaskinernorge.no\/no\/wp-json\/wp\/v2\/product\/4011","targetHints":{"allow":["GET"]}}],"collection":[{"href":"https:\/\/bruktemaskinernorge.no\/no\/wp-json\/wp\/v2\/product"}],"about":[{"href":"https:\/\/bruktemaskinernorge.no\/no\/wp-json\/wp\/v2\/types\/product"}],"wp:featuredmedia":[{"embeddable":true,"href":"https:\/\/bruktemaskinernorge.no\/no\/wp-json\/wp\/v2\/media\/4020"}],"wp:attachment":[{"href":"https:\/\/bruktemaskinernorge.no\/no\/wp-json\/wp\/v2\/media?parent=4011"}],"wp:term":[{"taxonomy":"product_brand","embeddable":true,"href":"https:\/\/bruktemaskinernorge.no\/no\/wp-json\/wp\/v2\/product_brand?post=4011"},{"taxonomy":"product_cat","embeddable":true,"href":"https:\/\/bruktemaskinernorge.no\/no\/wp-json\/wp\/v2\/product_cat?post=4011"},{"taxonomy":"product_tag","embeddable":true,"href":"https:\/\/bruktemaskinernorge.no\/no\/wp-json\/wp\/v2\/product_tag?post=4011"}],"curies":[{"name":"wp","href":"https:\/\/api.w.org\/{rel}","templated":true}]}}